{"id":999,"date":"2025-07-17T15:36:13","date_gmt":"2025-07-17T13:36:13","guid":{"rendered":"https:\/\/dev.sharpmania.ch\/?page_id=999"},"modified":"2025-11-03T15:22:21","modified_gmt":"2025-11-03T14:22:21","slug":"politique-de-cookies","status":"publish","type":"page","link":"https:\/\/sharpmania.ch\/en\/politique-de-cookies\/","title":{"rendered":"Cookie policie"},"content":{"rendered":"<h1 class=\"wp-block-heading alignfull has-text-align-center has-palette-color-8-color has-palette-color-2-background-color has-text-color has-background has-link-color has-large-font-size wp-elements-8e3f99c06e5c73185747c53dfaa245fe\">Cookie policie<\/h1>\n\n\n\n<h2 class=\"wp-block-heading has-medium-font-size\">1. Hyperlinks, Cookies, and Internet Tags<\/h2>\n\n\n\n<p class=\"translation-block\">The website <a href=\"https:\/\/www.sharpmania.com\" target=\"_blank\" rel=\"noopener\">https:\/\/www.sharpmania.com<\/a> contains a number of hyperlinks to other sites, set up with the authorisation of <a href=\"https:\/\/www.sharpmania.com\" target=\"_blank\" rel=\"noopener\">https:\/\/www.sharpmania.com<\/a> However, <a href=\"https:\/\/www.sharpmania.com\" target=\"_blank\" rel=\"noopener\">https:\/\/www.sharpmania.com<\/a> is not able to verify the content of sites visited in this way and therefore assumes no responsibility in this regard.<\/p>\n\n\n\n<p>Unless you choose to disable cookies, you accept that the site may use them. You may disable these cookies at any time, free of charge, using the deactivation options described below. Please note that disabling cookies may limit or prevent access to all or part of the services offered on the site.<\/p>\n\n\n\n<p class=\"translation-block\"><strong>1.1 Cookies<\/strong><br>\nA \u201ccookie\u201d is a small information file sent to the User\u2019s browser and stored on the User\u2019s device (e.g., computer, smartphone). This file contains information such as the User\u2019s domain name, Internet service provider, operating system, and date and time of access. Cookies cannot harm the User\u2019s device.<\/p>\n\n\n\n<p class=\"translation-block\"><a href=\"https:\/\/www.sharpmania.com\" target=\"_blank\" rel=\"noopener\">https:\/\/www.sharpmania.com<\/a> may process the User\u2019s information regarding their visit to the Website, such as pages viewed and searches conducted. This information allows http:\/\/www.sharpmania.com to improve Website content and User navigation.<\/p>\n\n\n\n<p class=\"translation-block\">Since cookies facilitate navigation and\/or the provision of services offered by the Website, the User may configure their browser to decide whether or not to accept them so that cookies are stored or rejected, either systematically or depending on the sender. The User may also configure their browser so that acceptance or refusal of cookies is offered on a case-by-case basis before a cookie is stored on the device.\u2028<a href=\"https:\/\/www.sharpmania.com\" target=\"_blank\" rel=\"noopener\">https:\/\/www.sharpmania.com<\/a> informs the User that, in this case, parts of the browser\u2019s functionalities may not be fully available.<\/p>\n\n\n\n<p class=\"translation-block\">If the User refuses cookies on their device or browser, or deletes those already stored, the User is informed that their navigation and experience on the Website may be limited. This may also occur if http:\/\/www.sharpmania.com or one of its providers cannot recognise, for technical compatibility purposes, the type of browser used, the language and display settings, or the country from which the device appears to connect.<\/p>\n\n\n\n<p class=\"translation-block\">Where applicable, <a href=\"https:\/\/www.sharpmania.com\" target=\"_self\">https:\/\/www.sharpmania.com<\/a> declines all responsibility for the consequences related to degraded operation of the Website and services resulting from:\u2028(i) the refusal of cookies by the User;\u2028(ii) the impossibility for <a href=\"https:\/\/www.sharpmania.com\" target=\"_self\">https:\/\/www.sharpmania.com<\/a> to store or consult cookies necessary for their operation due to the User\u2019s choice.\nFor cookie management and user preferences, configuration varies by browser. It is described in the browser\u2019s help menu.<\/p>\n\n\n\n<p class=\"translation-block\">At any time, the User may modify their cookie preferences. ha href=\"https:\/\/www.sharpmania.com\" target=\"_self\"&gt;https:\/\/www.sharpmania.com<\/a> may also use external service providers to help collect and process information described in this section.<\/p>\n\n\n\n<p class=\"translation-block\">Finally, by clicking on social media icons (Twitter, Facebook, LinkedIn, Google Plus) on the Website or its mobile application\u2014and if the User has accepted cookies by continuing to browse\u2014these platforms may also deposit cookies on the User\u2019s device.<\/p>\n\n\n\n<p class=\"translation-block\">These cookies are deposited only if the User consents, by continuing navigation on the Website. The User may withdraw consent at any time.<\/p>\n\n\n\n<p class=\"translation-block\"><strong>1.2. Internet Tags<\/strong><br><a href=\"https:\/\/www.sharpmania.com\" target=\"_self\">https:\/\/www.sharpmania.com<\/a> may occasionally use Internet tags (also called \u201ctags\u201d, action tags, one-pixel GIFs, transparent GIFs, invisible GIFs, or one-to-one GIFs) and deploy them through a partner specialising in Web analytics, which may be located in a foreign country.<\/p>\n\n\n\n<p>These tags are placed both in online advertisements allowing users to access the Website and on its various pages.<\/p>\n\n\n\n<p class=\"translation-block\">This technology enables <a href=\"https:\/\/www.sharpmania.com\" target=\"_self\">https:\/\/www.sharpmania.com<\/a> to assess visitor responses to the Website and the effectiveness of its actions (for example, number of times a page is opened and information consulted), as well as User navigation.<\/p>\n\n\n\n<p class=\"translation-block\">The external provider may collect information about Website visitors and other sites via these tags, compile reports on Website activity for <a href=\"https:\/\/www.sharpmania.com\" target=\"_self\">https:\/\/www.sharpmania.com<\/a>, and provide other services related to Website and Internet usage.<\/p>\n\n\n\n<h2 class=\"wp-block-heading has-medium-font-size\">2. Applicable Law and Jurisdiction<\/h2>\n\n\n\n<p class=\"translation-block\">Any dispute relating to the use of the website\u00a0<a href=\"https:\/\/www.sharpmania.com\" target=\"_blank\" rel=\"noopener\">https:\/\/www.sharpmania.com<\/a>\u00a0is subject to French law. Except where the law provides otherwise, exclusive jurisdiction is granted to the competent courts of Geneva.<\/p>\n\n\n\n<p><em>Version 1.0 Septembre 2025<\/em><\/p>\n\n\n\n<p><\/p>","protected":false},"excerpt":{"rendered":"<p>Politique de cookies 1. Liens hypertextes \u00ab cookies \u00bb et balises (\u201ctags\u201d) internet Le site https:\/\/www.sharpmania.com contient un certain nombre de liens hypertextes vers d\u2019autres sites, mis en place avec l\u2019autorisation de https:\/\/www.sharpmania.com. Cependant, https:\/\/www.sharpmania.com n\u2019a pas la possibilit\u00e9 de v\u00e9rifier le contenu des sites ainsi visit\u00e9s, et n\u2019assumera en cons\u00e9quence aucune responsabilit\u00e9 de ce [&hellip;]<\/p>\n","protected":false},"author":3,"featured_media":0,"parent":0,"menu_order":0,"comment_status":"closed","ping_status":"closed","template":"","meta":{"iawp_total_views":35,"footnotes":""},"class_list":["post-999","page","type-page","status-publish","hentry"],"blocksy_meta":[],"yoast_head":"<!-- This site is optimized with the Yoast SEO plugin v27.3 - https:\/\/yoast.com\/product\/yoast-seo-wordpress\/ -->\n<title>Politique de cookies - Sharpmania<\/title>\n<meta name=\"robots\" content=\"index, follow, max-snippet:-1, max-image-preview:large, max-video-preview:-1\" \/>\n<link rel=\"canonical\" href=\"https:\/\/sharpmania.ch\/en\/politique-de-cookies\/\" \/>\n<meta property=\"og:locale\" content=\"en_GB\" \/>\n<meta property=\"og:type\" content=\"article\" \/>\n<meta property=\"og:title\" content=\"Politique de cookies - Sharpmania\" \/>\n<meta property=\"og:description\" content=\"Politique de cookies 1. Liens hypertextes \u00ab cookies \u00bb et balises (\u201ctags\u201d) internet Le site https:\/\/www.sharpmania.com contient un certain nombre de liens hypertextes vers d\u2019autres sites, mis en place avec l\u2019autorisation de https:\/\/www.sharpmania.com. Cependant, https:\/\/www.sharpmania.com n\u2019a pas la possibilit\u00e9 de v\u00e9rifier le contenu des sites ainsi visit\u00e9s, et n\u2019assumera en cons\u00e9quence aucune responsabilit\u00e9 de ce [&hellip;]\" \/>\n<meta property=\"og:url\" content=\"https:\/\/sharpmania.ch\/en\/politique-de-cookies\/\" \/>\n<meta property=\"og:site_name\" content=\"Sharpmania\" \/>\n<meta property=\"article:modified_time\" content=\"2025-11-03T14:22:21+00:00\" \/>\n<meta property=\"og:image\" content=\"https:\/\/sharpmania.ch\/wp-content\/uploads\/2025\/12\/logo-sharpamania-partage-rs.webp\" \/>\n\t<meta property=\"og:image:width\" content=\"1200\" \/>\n\t<meta property=\"og:image:height\" content=\"675\" \/>\n\t<meta property=\"og:image:type\" content=\"image\/webp\" \/>\n<meta name=\"twitter:card\" content=\"summary_large_image\" \/>\n<meta name=\"twitter:label1\" content=\"Estimated reading time\" \/>\n\t<meta name=\"twitter:data1\" content=\"5 minutes\" \/>\n<script type=\"application\/ld+json\" class=\"yoast-schema-graph\">{\"@context\":\"https:\\\/\\\/schema.org\",\"@graph\":[{\"@type\":\"WebPage\",\"@id\":\"https:\\\/\\\/sharpmania.ch\\\/politique-de-cookies\\\/\",\"url\":\"https:\\\/\\\/sharpmania.ch\\\/politique-de-cookies\\\/\",\"name\":\"Politique de cookies - Sharpmania\",\"isPartOf\":{\"@id\":\"https:\\\/\\\/sharpmania.ch\\\/#website\"},\"datePublished\":\"2025-07-17T13:36:13+00:00\",\"dateModified\":\"2025-11-03T14:22:21+00:00\",\"breadcrumb\":{\"@id\":\"https:\\\/\\\/sharpmania.ch\\\/politique-de-cookies\\\/#breadcrumb\"},\"inLanguage\":\"en-GB\",\"potentialAction\":[{\"@type\":\"ReadAction\",\"target\":[\"https:\\\/\\\/sharpmania.ch\\\/politique-de-cookies\\\/\"]}]},{\"@type\":\"BreadcrumbList\",\"@id\":\"https:\\\/\\\/sharpmania.ch\\\/politique-de-cookies\\\/#breadcrumb\",\"itemListElement\":[{\"@type\":\"ListItem\",\"position\":1,\"name\":\"Accueil\",\"item\":\"https:\\\/\\\/sharpmania.ch\\\/\"},{\"@type\":\"ListItem\",\"position\":2,\"name\":\"Politique de cookies\"}]},{\"@type\":\"WebSite\",\"@id\":\"https:\\\/\\\/sharpmania.ch\\\/#website\",\"url\":\"https:\\\/\\\/sharpmania.ch\\\/\",\"name\":\"Sharpmania\",\"description\":\"Cabinet en strat\u00e9gie RH &amp; d\u00e9veloppement organisationnel\",\"publisher\":{\"@id\":\"https:\\\/\\\/sharpmania.ch\\\/#organization\"},\"potentialAction\":[{\"@type\":\"SearchAction\",\"target\":{\"@type\":\"EntryPoint\",\"urlTemplate\":\"https:\\\/\\\/sharpmania.ch\\\/?s={search_term_string}\"},\"query-input\":{\"@type\":\"PropertyValueSpecification\",\"valueRequired\":true,\"valueName\":\"search_term_string\"}}],\"inLanguage\":\"en-GB\"},{\"@type\":\"Organization\",\"@id\":\"https:\\\/\\\/sharpmania.ch\\\/#organization\",\"name\":\"Sharpmania\",\"url\":\"https:\\\/\\\/sharpmania.ch\\\/\",\"logo\":{\"@type\":\"ImageObject\",\"inLanguage\":\"en-GB\",\"@id\":\"https:\\\/\\\/sharpmania.ch\\\/#\\\/schema\\\/logo\\\/image\\\/\",\"url\":\"https:\\\/\\\/sharpmania.ch\\\/wp-content\\\/uploads\\\/2025\\\/07\\\/logo-web-sharpmania.svg\",\"contentUrl\":\"https:\\\/\\\/sharpmania.ch\\\/wp-content\\\/uploads\\\/2025\\\/07\\\/logo-web-sharpmania.svg\",\"width\":250,\"height\":100,\"caption\":\"Sharpmania\"},\"image\":{\"@id\":\"https:\\\/\\\/sharpmania.ch\\\/#\\\/schema\\\/logo\\\/image\\\/\"}}]}<\/script>\n<!-- \/ Yoast SEO plugin. -->","yoast_head_json":{"title":"Politique de cookies - Sharpmania","robots":{"index":"index","follow":"follow","max-snippet":"max-snippet:-1","max-image-preview":"max-image-preview:large","max-video-preview":"max-video-preview:-1"},"canonical":"https:\/\/sharpmania.ch\/en\/politique-de-cookies\/","og_locale":"en_GB","og_type":"article","og_title":"Politique de cookies - Sharpmania","og_description":"Politique de cookies 1. Liens hypertextes \u00ab cookies \u00bb et balises (\u201ctags\u201d) internet Le site https:\/\/www.sharpmania.com contient un certain nombre de liens hypertextes vers d\u2019autres sites, mis en place avec l\u2019autorisation de https:\/\/www.sharpmania.com. Cependant, https:\/\/www.sharpmania.com n\u2019a pas la possibilit\u00e9 de v\u00e9rifier le contenu des sites ainsi visit\u00e9s, et n\u2019assumera en cons\u00e9quence aucune responsabilit\u00e9 de ce [&hellip;]","og_url":"https:\/\/sharpmania.ch\/en\/politique-de-cookies\/","og_site_name":"Sharpmania","article_modified_time":"2025-11-03T14:22:21+00:00","og_image":[{"width":1200,"height":675,"url":"https:\/\/sharpmania.ch\/wp-content\/uploads\/2025\/12\/logo-sharpamania-partage-rs.webp","type":"image\/webp"}],"twitter_card":"summary_large_image","twitter_misc":{"Estimated reading time":"5 minutes"},"schema":{"@context":"https:\/\/schema.org","@graph":[{"@type":"WebPage","@id":"https:\/\/sharpmania.ch\/politique-de-cookies\/","url":"https:\/\/sharpmania.ch\/politique-de-cookies\/","name":"Politique de cookies - Sharpmania","isPartOf":{"@id":"https:\/\/sharpmania.ch\/#website"},"datePublished":"2025-07-17T13:36:13+00:00","dateModified":"2025-11-03T14:22:21+00:00","breadcrumb":{"@id":"https:\/\/sharpmania.ch\/politique-de-cookies\/#breadcrumb"},"inLanguage":"en-GB","potentialAction":[{"@type":"ReadAction","target":["https:\/\/sharpmania.ch\/politique-de-cookies\/"]}]},{"@type":"BreadcrumbList","@id":"https:\/\/sharpmania.ch\/politique-de-cookies\/#breadcrumb","itemListElement":[{"@type":"ListItem","position":1,"name":"Accueil","item":"https:\/\/sharpmania.ch\/"},{"@type":"ListItem","position":2,"name":"Politique de cookies"}]},{"@type":"WebSite","@id":"https:\/\/sharpmania.ch\/#website","url":"https:\/\/sharpmania.ch\/","name":"Sharpmania","description":"A boutique HR Consulting firm specialized in people and organisations","publisher":{"@id":"https:\/\/sharpmania.ch\/#organization"},"potentialAction":[{"@type":"SearchAction","target":{"@type":"EntryPoint","urlTemplate":"https:\/\/sharpmania.ch\/?s={search_term_string}"},"query-input":{"@type":"PropertyValueSpecification","valueRequired":true,"valueName":"search_term_string"}}],"inLanguage":"en-GB"},{"@type":"Organization","@id":"https:\/\/sharpmania.ch\/#organization","name":"Sharpmania","url":"https:\/\/sharpmania.ch\/","logo":{"@type":"ImageObject","inLanguage":"en-GB","@id":"https:\/\/sharpmania.ch\/#\/schema\/logo\/image\/","url":"https:\/\/sharpmania.ch\/wp-content\/uploads\/2025\/07\/logo-web-sharpmania.svg","contentUrl":"https:\/\/sharpmania.ch\/wp-content\/uploads\/2025\/07\/logo-web-sharpmania.svg","width":250,"height":100,"caption":"Sharpmania"},"image":{"@id":"https:\/\/sharpmania.ch\/#\/schema\/logo\/image\/"}}]}},"_links":{"self":[{"href":"https:\/\/sharpmania.ch\/en\/wp-json\/wp\/v2\/pages\/999","targetHints":{"allow":["GET"]}}],"collection":[{"href":"https:\/\/sharpmania.ch\/en\/wp-json\/wp\/v2\/pages"}],"about":[{"href":"https:\/\/sharpmania.ch\/en\/wp-json\/wp\/v2\/types\/page"}],"author":[{"embeddable":true,"href":"https:\/\/sharpmania.ch\/en\/wp-json\/wp\/v2\/users\/3"}],"replies":[{"embeddable":true,"href":"https:\/\/sharpmania.ch\/en\/wp-json\/wp\/v2\/comments?post=999"}],"version-history":[{"count":0,"href":"https:\/\/sharpmania.ch\/en\/wp-json\/wp\/v2\/pages\/999\/revisions"}],"wp:attachment":[{"href":"https:\/\/sharpmania.ch\/en\/wp-json\/wp\/v2\/media?parent=999"}],"curies":[{"name":"wp","href":"https:\/\/api.w.org\/{rel}","templated":true}]}}