{"id":345,"date":"2025-07-04T14:59:57","date_gmt":"2025-07-04T12:59:57","guid":{"rendered":"https:\/\/dev.sharpmania.ch\/?page_id=345"},"modified":"2025-11-29T17:53:13","modified_gmt":"2025-11-29T16:53:13","slug":"politique-de-confidentialite","status":"publish","type":"page","link":"https:\/\/sharpmania.ch\/en\/privacy-policy\/","title":{"rendered":"Privacy policy"},"content":{"rendered":"<h1 class=\"wp-block-heading alignfull has-text-align-center has-palette-color-8-color has-palette-color-2-background-color has-text-color has-background has-link-color has-large-font-size wp-elements-8f14e91eb5abc5685eaa80dfc41dd0da\">Privacy policy<\/h1>\n\n\n\n<h2 class=\"wp-block-heading has-medium-font-size\">1. Personal Data Controller<\/h2>\n\n\n\n<p>The Client is informed of the regulations regarding marketing communications, the Law of 21 June 2014 on Confidence in the Digital Economy, the Data Protection Act of 6 August 2004, and the GDPR (No. 2016-679).<\/p>\n\n\n\n<p class=\"translation-block\"><strong>1.1 Personal Data Controller<\/strong>\n<br>For personal data collected in connection with the creation of the User's personal account and browsing on the Website, the data controller is Sharpmania.\u2028<a href=\"https:\/\/www.sharpmania.com\" target=\"_blank\" rel=\"noopener\">https:\/\/www.sharpmania.com<\/a>\u00a0is represented by its legal representative, Arnold Graz.<\/p>\n\n\n\n<p class=\"translation-block\">As data controller,\u00a0<a href=\"https:\/\/www.sharpmania.com\" target=\"_blank\" rel=\"noopener\">https:\/\/www.sharpmania.com<\/a>\u00a0undertakes to comply with applicable legal requirements, including defining the purposes of the processing, providing complete information to prospects and clients, obtaining consent where required, and maintaining an accurate processing register.\u00a0<a href=\"https:\/\/www.sharpmania.com\" target=\"_blank\" rel=\"noopener\">https:\/\/www.sharpmania.com<\/a>\u00a0also takes reasonable measures to ensure that Personal Data is accurate and relevant.<\/p>\n\n\n\n<p class=\"translation-block\"><strong>1.2 Purposes of Processing<\/strong>\n<br><a href=\"https:\/\/www.sharpmania.com\" target=\"_blank\" rel=\"noopener\">https:\/\/www.sharpmania.com<\/a> may process personal data for the following purposes:\n<br>\u2013 enabling browsing on the Website and management\/traceability of services ordered: connection data, usage data, invoicing, order history, etc.\u2028<br>\u2013 preventing and combating computer fraud (spamming, hacking): used equipment, IP address, hashed password\u2028<br>\u2013 improving Website navigation: connection and usage data\u2028<br>\u2013 conducting optional satisfaction surveys: email address\u2028<br>\u2013 carrying out communication campaigns (SMS, email): phone number, email address\n<a href=\"https:\/\/www.sharpmania.com\" target=\"_blank\" rel=\"noopener\">https:\/\/www.sharpmania.com<\/a> \u00a0does not sell your personal data. It is used only as necessary or for statistical purposes.<\/p>\n\n\n\n<p class=\"translation-block\"><strong>1.3 Rights of the User<\/strong>\n<br>In accordance with European regulations, Users have the following rights:<\/p>\n\n\n\n<ul class=\"wp-block-list\">\n<li>right of access (Art. 15 GDPR), rectification (Art. 16 GDPR), updating, and completion of their data. Right to block or erase personal data (Art. 17 GDPR)<\/li>\n\n\n\n<li>right to withdraw consent at any time (Art. 13-2c GDPR)<\/li>\n\n\n\n<li>right to restrict processing (Art. 18 GDPR)<\/li>\n\n\n\n<li>right to object to processing (Art. 21 GDPR)<\/li>\n\n\n\n<li>right to object to processing (Art. 21 GDPR)<\/li>\n\n\n\n<li>right to data portability (Art. 20 GDPR)<\/li>\n\n\n\n<li>right to define instructions on the fate of their data after death<\/li>\n<\/ul>\n\n\n\n<p class=\"translation-block\">Requests may be addressed in writing to:<\/p>\n\n\n\n<p class=\"translation-block\">Sharpmania \u2013 DPO, Maria Waller<br>\u2028Rue des Vieux-Grenadiers 8B\u2028<br>1205 Geneva<\/p>\n\n\n\n<p class=\"translation-block\">The request must include a copy of an identity document.<\/p>\n\n\n\n<p class=\"translation-block\">Requests for deletion remain subject to statutory retention obligations. Users may also lodge a complaint with a supervisory authority, including the CNIL (<a href=\"https:\/\/www.cnil.fr\/fr\/plaintes\" target=\"_blank\" rel=\"noopener\">https:\/\/www.cnil.fr\/fr\/plaintes<\/a>).<\/p>\n\n\n\n<p class=\"translation-block\"><strong>1.4 Non-communication of Personal Data<\/strong><br>\n<a href=\"https:\/\/www.sharpmania.com\" target=\"_blank\" rel=\"noopener\">https:\/\/www.sharpmania.com<\/a>\u00a0shall not process, host, or transfer Information outside the European Union or to a country not deemed adequate by the European Commission without informing the Client beforehand.<\/p>\n\n\n\n<p class=\"translation-block\"><a href=\"https:\/\/www.sharpmania.com\" target=\"_blank\" rel=\"noopener\">https:\/\/www.sharpmania.com<\/a>\u00a0undertakes to take all necessary precautions to ensure the security and confidentiality of the Information. If an incident affecting the integrity or confidentiality of Client data is discovered,\u00a0<a href=\"https:\/\/www.sharpmania.com\" target=\"_blank\" rel=\"noopener\">https:\/\/www.sharpmania.com<\/a>\u00a0will notify the Client as soon as possible.<\/p>\n\n\n\n<p class=\"translation-block\">No sensitive data is collected.<\/p>\n\n\n\n<p class=\"translation-block\">Personal data may be processed by subsidiaries or service providers strictly for the purposes described above.<\/p>\n\n\n\n<h2 class=\"wp-block-heading has-medium-font-size\">2. Incident Notification<\/h2>\n\n\n\n<p>Despite all efforts, no method of internet transmission or electronic storage is completely secure. In the event of a security breach, we will notify affected Users so that they may take appropriate measures.<\/p>\n\n\n\n<p class=\"translation-block\">No personal information of the User is published, exchanged, transferred, or sold to third parties. Only in the event of the acquisition of\u00a0<a href=\"https:\/\/www.sharpmania.com\" target=\"_blank\" rel=\"noopener\">https:\/\/www.sharpmania.com<\/a>\u00a0may such data be transferred to the acquirer, who would then be bound by the same obligations.<\/p>\n\n\n\n<p class=\"translation-block\"><strong>Security<\/strong><\/p>\n\n\n\n<p class=\"translation-block\">To ensure security and confidentiality of Personal Data,\u00a0<a href=\"https:\/\/www.sharpmania.com\" target=\"_blank\" rel=\"noopener\">https:\/\/www.sharpmania.com<\/a>\u00a0uses standard measures such as firewalls, pseudonymisation, encryption, and passwords.<\/p>\n\n\n\n<h2 class=\"wp-block-heading has-medium-font-size\">3. Applicable Law and Jurisdiction<\/h2>\n\n\n\n<p class=\"translation-block\">Any dispute relating to the use of the website\u00a0<a href=\"https:\/\/www.sharpmania.com\" target=\"_blank\" rel=\"noopener\">https:\/\/www.sharpmania.com<\/a>\u00a0is subject to French law. Except where the law provides otherwise, exclusive jurisdiction is granted to the competent courts of Geneva.<\/p>\n\n\n\n<p><em>Version 1.0 Septembre 2025<\/em><\/p>\n\n\n\n<div style=\"height:100px\" aria-hidden=\"true\" class=\"wp-block-spacer\"><\/div>","protected":false},"excerpt":{"rendered":"<p>Politique de confidentialit\u00e9 1. Gestion des donn\u00e9es personnelles. Le Client est inform\u00e9 des r\u00e9glementations concernant la communication marketing, la loi du 21 Juin 2014 pour la confiance dans l\u2019\u00c9conomie Num\u00e9rique, la Loi Informatique et Libert\u00e9 du 06 Ao\u00fbt 2004 ainsi que du R\u00e8glement G\u00e9n\u00e9ral sur la Protection des Donn\u00e9es (RGPD : n\u00b0 2016-679). 1.1 Responsables [&hellip;]<\/p>\n","protected":false},"author":2,"featured_media":0,"parent":0,"menu_order":0,"comment_status":"closed","ping_status":"closed","template":"","meta":{"iawp_total_views":59,"footnotes":""},"class_list":["post-345","page","type-page","status-publish","hentry"],"blocksy_meta":{"page_structure_type":"default","styles_descriptor":{"styles":{"desktop":"","tablet":"","mobile":""},"google_fonts":[],"version":6}},"yoast_head":"<!-- This site is optimized with the Yoast SEO plugin v27.3 - https:\/\/yoast.com\/product\/yoast-seo-wordpress\/ -->\n<title>Politique de confidentialit\u00e9 - Sharpmania<\/title>\n<meta name=\"description\" content=\"Voici notre politique de confidentialit\u00e9 pour le cabinet RH Sharpmania \u00e0 Gen\u00e8ve et dans toute la suisse romande\" \/>\n<meta name=\"robots\" content=\"index, follow, max-snippet:-1, max-image-preview:large, max-video-preview:-1\" \/>\n<link rel=\"canonical\" href=\"https:\/\/sharpmania.ch\/en\/privacy-policy\/\" \/>\n<meta property=\"og:locale\" content=\"en_GB\" \/>\n<meta property=\"og:type\" content=\"article\" \/>\n<meta property=\"og:title\" content=\"Politique de confidentialit\u00e9 - Sharpmania\" \/>\n<meta property=\"og:description\" content=\"Voici notre politique de confidentialit\u00e9 pour le cabinet RH Sharpmania \u00e0 Gen\u00e8ve et dans toute la suisse romande\" \/>\n<meta property=\"og:url\" content=\"https:\/\/sharpmania.ch\/en\/privacy-policy\/\" \/>\n<meta property=\"og:site_name\" content=\"Sharpmania\" \/>\n<meta property=\"article:modified_time\" content=\"2025-11-29T16:53:13+00:00\" \/>\n<meta property=\"og:image\" content=\"https:\/\/sharpmania.ch\/wp-content\/uploads\/2025\/12\/logo-sharpamania-partage-rs.webp\" \/>\n\t<meta property=\"og:image:width\" content=\"1200\" \/>\n\t<meta property=\"og:image:height\" content=\"675\" \/>\n\t<meta property=\"og:image:type\" content=\"image\/webp\" \/>\n<meta name=\"twitter:card\" content=\"summary_large_image\" \/>\n<meta name=\"twitter:label1\" content=\"Estimated reading time\" \/>\n\t<meta name=\"twitter:data1\" content=\"7 minutes\" \/>\n<script type=\"application\/ld+json\" class=\"yoast-schema-graph\">{\"@context\":\"https:\\\/\\\/schema.org\",\"@graph\":[{\"@type\":\"WebPage\",\"@id\":\"https:\\\/\\\/sharpmania.ch\\\/politique-de-confidentialite\\\/\",\"url\":\"https:\\\/\\\/sharpmania.ch\\\/politique-de-confidentialite\\\/\",\"name\":\"Politique de confidentialit\u00e9 - Sharpmania\",\"isPartOf\":{\"@id\":\"https:\\\/\\\/sharpmania.ch\\\/#website\"},\"datePublished\":\"2025-07-04T12:59:57+00:00\",\"dateModified\":\"2025-11-29T16:53:13+00:00\",\"description\":\"Voici notre politique de confidentialit\u00e9 pour le cabinet RH Sharpmania \u00e0 Gen\u00e8ve et dans toute la suisse romande\",\"breadcrumb\":{\"@id\":\"https:\\\/\\\/sharpmania.ch\\\/politique-de-confidentialite\\\/#breadcrumb\"},\"inLanguage\":\"en-GB\",\"potentialAction\":[{\"@type\":\"ReadAction\",\"target\":[\"https:\\\/\\\/sharpmania.ch\\\/politique-de-confidentialite\\\/\"]}]},{\"@type\":\"BreadcrumbList\",\"@id\":\"https:\\\/\\\/sharpmania.ch\\\/politique-de-confidentialite\\\/#breadcrumb\",\"itemListElement\":[{\"@type\":\"ListItem\",\"position\":1,\"name\":\"Accueil\",\"item\":\"https:\\\/\\\/sharpmania.ch\\\/\"},{\"@type\":\"ListItem\",\"position\":2,\"name\":\"Politique de confidentialit\u00e9\"}]},{\"@type\":\"WebSite\",\"@id\":\"https:\\\/\\\/sharpmania.ch\\\/#website\",\"url\":\"https:\\\/\\\/sharpmania.ch\\\/\",\"name\":\"Sharpmania\",\"description\":\"Cabinet en strat\u00e9gie RH &amp; d\u00e9veloppement organisationnel\",\"publisher\":{\"@id\":\"https:\\\/\\\/sharpmania.ch\\\/#organization\"},\"potentialAction\":[{\"@type\":\"SearchAction\",\"target\":{\"@type\":\"EntryPoint\",\"urlTemplate\":\"https:\\\/\\\/sharpmania.ch\\\/?s={search_term_string}\"},\"query-input\":{\"@type\":\"PropertyValueSpecification\",\"valueRequired\":true,\"valueName\":\"search_term_string\"}}],\"inLanguage\":\"en-GB\"},{\"@type\":\"Organization\",\"@id\":\"https:\\\/\\\/sharpmania.ch\\\/#organization\",\"name\":\"Sharpmania\",\"url\":\"https:\\\/\\\/sharpmania.ch\\\/\",\"logo\":{\"@type\":\"ImageObject\",\"inLanguage\":\"en-GB\",\"@id\":\"https:\\\/\\\/sharpmania.ch\\\/#\\\/schema\\\/logo\\\/image\\\/\",\"url\":\"https:\\\/\\\/sharpmania.ch\\\/wp-content\\\/uploads\\\/2025\\\/07\\\/logo-web-sharpmania.svg\",\"contentUrl\":\"https:\\\/\\\/sharpmania.ch\\\/wp-content\\\/uploads\\\/2025\\\/07\\\/logo-web-sharpmania.svg\",\"width\":250,\"height\":100,\"caption\":\"Sharpmania\"},\"image\":{\"@id\":\"https:\\\/\\\/sharpmania.ch\\\/#\\\/schema\\\/logo\\\/image\\\/\"}}]}<\/script>\n<!-- \/ Yoast SEO plugin. -->","yoast_head_json":{"title":"Politique de confidentialit\u00e9 - Sharpmania","description":"Voici notre politique de confidentialit\u00e9 pour le cabinet RH Sharpmania \u00e0 Gen\u00e8ve et dans toute la suisse romande","robots":{"index":"index","follow":"follow","max-snippet":"max-snippet:-1","max-image-preview":"max-image-preview:large","max-video-preview":"max-video-preview:-1"},"canonical":"https:\/\/sharpmania.ch\/en\/privacy-policy\/","og_locale":"en_GB","og_type":"article","og_title":"Politique de confidentialit\u00e9 - Sharpmania","og_description":"Voici notre politique de confidentialit\u00e9 pour le cabinet RH Sharpmania \u00e0 Gen\u00e8ve et dans toute la suisse romande","og_url":"https:\/\/sharpmania.ch\/en\/privacy-policy\/","og_site_name":"Sharpmania","article_modified_time":"2025-11-29T16:53:13+00:00","og_image":[{"width":1200,"height":675,"url":"https:\/\/sharpmania.ch\/wp-content\/uploads\/2025\/12\/logo-sharpamania-partage-rs.webp","type":"image\/webp"}],"twitter_card":"summary_large_image","twitter_misc":{"Estimated reading time":"7 minutes"},"schema":{"@context":"https:\/\/schema.org","@graph":[{"@type":"WebPage","@id":"https:\/\/sharpmania.ch\/politique-de-confidentialite\/","url":"https:\/\/sharpmania.ch\/politique-de-confidentialite\/","name":"Politique de confidentialit\u00e9 - Sharpmania","isPartOf":{"@id":"https:\/\/sharpmania.ch\/#website"},"datePublished":"2025-07-04T12:59:57+00:00","dateModified":"2025-11-29T16:53:13+00:00","description":"Voici notre politique de confidentialit\u00e9 pour le cabinet RH Sharpmania \u00e0 Gen\u00e8ve et dans toute la suisse romande","breadcrumb":{"@id":"https:\/\/sharpmania.ch\/politique-de-confidentialite\/#breadcrumb"},"inLanguage":"en-GB","potentialAction":[{"@type":"ReadAction","target":["https:\/\/sharpmania.ch\/politique-de-confidentialite\/"]}]},{"@type":"BreadcrumbList","@id":"https:\/\/sharpmania.ch\/politique-de-confidentialite\/#breadcrumb","itemListElement":[{"@type":"ListItem","position":1,"name":"Accueil","item":"https:\/\/sharpmania.ch\/"},{"@type":"ListItem","position":2,"name":"Politique de confidentialit\u00e9"}]},{"@type":"WebSite","@id":"https:\/\/sharpmania.ch\/#website","url":"https:\/\/sharpmania.ch\/","name":"Sharpmania","description":"A boutique HR Consulting firm specialized in people and organisations","publisher":{"@id":"https:\/\/sharpmania.ch\/#organization"},"potentialAction":[{"@type":"SearchAction","target":{"@type":"EntryPoint","urlTemplate":"https:\/\/sharpmania.ch\/?s={search_term_string}"},"query-input":{"@type":"PropertyValueSpecification","valueRequired":true,"valueName":"search_term_string"}}],"inLanguage":"en-GB"},{"@type":"Organization","@id":"https:\/\/sharpmania.ch\/#organization","name":"Sharpmania","url":"https:\/\/sharpmania.ch\/","logo":{"@type":"ImageObject","inLanguage":"en-GB","@id":"https:\/\/sharpmania.ch\/#\/schema\/logo\/image\/","url":"https:\/\/sharpmania.ch\/wp-content\/uploads\/2025\/07\/logo-web-sharpmania.svg","contentUrl":"https:\/\/sharpmania.ch\/wp-content\/uploads\/2025\/07\/logo-web-sharpmania.svg","width":250,"height":100,"caption":"Sharpmania"},"image":{"@id":"https:\/\/sharpmania.ch\/#\/schema\/logo\/image\/"}}]}},"_links":{"self":[{"href":"https:\/\/sharpmania.ch\/en\/wp-json\/wp\/v2\/pages\/345","targetHints":{"allow":["GET"]}}],"collection":[{"href":"https:\/\/sharpmania.ch\/en\/wp-json\/wp\/v2\/pages"}],"about":[{"href":"https:\/\/sharpmania.ch\/en\/wp-json\/wp\/v2\/types\/page"}],"author":[{"embeddable":true,"href":"https:\/\/sharpmania.ch\/en\/wp-json\/wp\/v2\/users\/2"}],"replies":[{"embeddable":true,"href":"https:\/\/sharpmania.ch\/en\/wp-json\/wp\/v2\/comments?post=345"}],"version-history":[{"count":0,"href":"https:\/\/sharpmania.ch\/en\/wp-json\/wp\/v2\/pages\/345\/revisions"}],"wp:attachment":[{"href":"https:\/\/sharpmania.ch\/en\/wp-json\/wp\/v2\/media?parent=345"}],"curies":[{"name":"wp","href":"https:\/\/api.w.org\/{rel}","templated":true}]}}